{"id":60,"date":"2018-06-26T11:10:56","date_gmt":"2018-06-26T14:10:56","guid":{"rendered":"https:\/\/desarrollovisit.ciudaddecorrientes.gov.ar\/?page_id=60"},"modified":"2025-02-22T10:47:29","modified_gmt":"2025-02-22T13:47:29","slug":"conectividad","status":"publish","type":"page","link":"https:\/\/desarrollovisit.ciudaddecorrientes.gov.ar\/pb\/sobre-corrientes\/conectividad\/","title":{"rendered":"Conectividade"},"content":{"rendered":"<h2>Transporte A\u00e9reo<\/h2>\n<table class=\"table table-striped\">\n<thead>\n<tr>\n<th scope=\"col\">Nome<\/th>\n<th scope=\"col\">Endere\u00e7o<\/th>\n<th scope=\"col\">Telefone<\/th>\n<th scope=\"col\">Links<\/th>\n<\/tr>\n<\/thead>\n<tbody>\n<tr>\n<th scope=\"row\">Aeropuerto Internacional DR. Fernando Piragine Niveyro<\/th>\n<td>Ruta 12 Km 1020, Corrientes<\/td>\n<td>0379 445-8684<\/td>\n<td style=\"text-align: center;\">&#8211;<\/td>\n<\/tr>\n<tr>\n<th scope=\"row\">Aeropuerto Internacional Resistencia<\/th>\n<td>Ruta Nacional 11 Km 1003 &#8211; 5, Resistencia<\/td>\n<td>0362 444-6009<\/td>\n<td style=\"text-align: center;\">&#8211;<\/td>\n<\/tr>\n<tr>\n<th scope=\"row\">Aeropuerto Internacional Silvio Pettirossi<\/th>\n<td>CC 1752, Asunci\u00f3n &#8211; Rep\u00fablica del Paraguay<\/td>\n<td>595 21 645 600<\/td>\n<td style=\"text-align: center;\">&#8211;<\/td>\n<\/tr>\n<tr>\n<th scope=\"row\">Aerol\u00edneas Argentinas (Sucursal Corrientes)<\/th>\n<td>Jun\u00edn 1301<\/td>\n<td>0379 442-3918<\/td>\n<td><a href=\"http:\/\/www.aerolineas.com.ar\" target=\"_blank\" rel=\"noopener noreferrer\"><i class=\"fa fa-globe \" ><\/i><\/a><a href=\"https:\/\/www.facebook.com\/aerolineas.argentinas\/\" target=\"_blank\" rel=\"noopener noreferrer\"><i class=\"fa fa-facebook-square \" ><\/i><\/a><\/td>\n<\/tr>\n<tr>\n<th scope=\"row\">Flybondi Aerol\u00ednea Empresa Comercial<\/th>\n<td style=\"text-align: center;\">&#8211;<\/td>\n<td style=\"text-align: center;\">&#8211;<\/td>\n<td><a href=\"https:\/\/www.flybondi.com\" target=\"_blank\" rel=\"noopener noreferrer\"><i class=\"fa fa-globe \" ><\/i><\/a><a href=\"https:\/\/www.facebook.com\/flybondi\/\" target=\"_blank\" rel=\"noopener noreferrer\"><i class=\"fa fa-facebook-square \" ><\/i><\/a><\/td>\n<\/tr>\n<\/tbody>\n<\/table>\n<p>&nbsp;<\/p>\n<h2>Transporte Terrestre<\/h2>\n<table class=\"table table-striped\">\n<thead>\n<tr>\n<th scope=\"col\">Nome<\/th>\n<th scope=\"col\">Endere\u00e7o<\/th>\n<th scope=\"col\">Telefone<\/th>\n<\/tr>\n<\/thead>\n<tbody>\n<tr>\n<th scope=\"row\">Terminal de Transporte de Omnibus<\/th>\n<td>Avenida Maip\u00fa 2400<\/td>\n<td>0379 441-4830 \/ 447-7600<\/td>\n<\/tr>\n<tr>\n<th scope=\"row\">Terminal de Mini Buses<\/th>\n<td>Belgrano 2157<\/td>\n<td>&#8211;<\/td>\n<\/tr>\n<\/tbody>\n<\/table>\n<h2>\u00a0<\/h2>\n<div id=\"accordion0\" class=\"\" role=\"tablist\" aria-multiselectable=\"true\" >\n<div class=\"card\" >\n<div class=\"card-header\"><a class=\"collapsed\" data-toggle=\"collapse\" data-parent=\"#accordion0\" href=\"#collapse0\" aria-controls=\"collapse0\">Empresas com Servi\u00e7os Nacionais<\/a><\/div>\n<div id=\"collapse0\" class=\"collapse\" role=\"tabpanel\" data-parent=\"#accordion0\"><div class=\"card-body\">\n<table class=\"table table-striped\">\n<tbody>\n<tr>\n<th scope=\"row\">Ruta Atl\u00e1ntica<\/th>\n<td>0800 222 1023<\/td>\n<\/tr>\n<tr>\n<th scope=\"row\">Aguila Dorada Bis<\/th>\n<td>0379 444-2123<\/td>\n<\/tr>\n<tr>\n<th scope=\"row\">Flecha Bus<\/th>\n<td>0379 444-7147<\/td>\n<\/tr>\n<tr>\n<th scope=\"row\">Albizzatti<\/th>\n<td>0379 444-2147<\/td>\n<\/tr>\n<tr>\n<th scope=\"row\">Andesmar<\/th>\n<td>0379 444-7568<\/td>\n<\/tr>\n<tr>\n<th scope=\"row\">Chevallier<\/th>\n<td>0379 444-0312<\/td>\n<\/tr>\n<tr>\n<th scope=\"row\">Crucero del Norte<\/th>\n<td>0379 443-4025<\/td>\n<\/tr>\n<tr>\n<th scope=\"row\">Crucero del Sur<\/th>\n<td>0379 447-7600<\/td>\n<\/tr>\n<tr>\n<th scope=\"row\">Dom\u00ednguez<\/th>\n<td>0379 447-7600<\/td>\n<\/tr>\n<tr>\n<th scope=\"row\">El Cometa<\/th>\n<td>0379 444-5346<\/td>\n<\/tr>\n<tr>\n<th scope=\"row\">El Pr\u00e1ctico<\/th>\n<td>0379 444-7367<\/td>\n<\/tr>\n<tr>\n<th scope=\"row\">El Pulqui<\/th>\n<td>0810 810 9999<\/td>\n<\/tr>\n<tr>\n<th scope=\"row\">ENCON<\/th>\n<td>0379 444-2180<\/td>\n<\/tr>\n<tr>\n<th scope=\"row\">ERSA<\/th>\n<td>0379 444-6533<\/td>\n<\/tr>\n<tr>\n<th scope=\"row\">Flecha Bus<\/th>\n<td>0379 444-8280\/4445177\/4447147<\/td>\n<\/tr>\n<tr>\n<th scope=\"row\">ITATI<\/th>\n<td>0379 444-0996<\/td>\n<\/tr>\n<tr>\n<th scope=\"row\">La Veloz del Norte<\/th>\n<td>0379 444-0824<\/td>\n<\/tr>\n<tr>\n<th scope=\"row\">Norte Bis<\/th>\n<td>0379 444-8989<\/td>\n<\/tr>\n<tr>\n<th scope=\"row\">Nuestra Se\u00f1ora de la Asunci\u00f3n<\/th>\n<td>0379 447-7600<\/td>\n<\/tr>\n<tr>\n<th scope=\"row\">Nuevo Expreso<\/th>\n<td>0379 444-2108<\/td>\n<\/tr>\n<tr>\n<th scope=\"row\">Puerto Tirol<\/th>\n<td>0379 444-6796<\/td>\n<\/tr>\n<tr>\n<th scope=\"row\">Reunidas<\/th>\n<td>0379 444-7568<\/td>\n<\/tr>\n<tr>\n<th scope=\"row\">Rio Uruguay<\/th>\n<td>0379 441-4602<\/td>\n<\/tr>\n<tr>\n<th scope=\"row\">Silvia<\/th>\n<td>0379 444-7755<\/td>\n<\/tr>\n<tr>\n<th scope=\"row\">TATA R\u00e1pido<\/th>\n<td>0379 441-4495<\/td>\n<\/tr>\n<tr>\n<th scope=\"row\">Tigre Iguaz\u00fa<\/th>\n<td>0379 447-7600<\/td>\n<\/tr>\n<tr>\n<th scope=\"row\">Tramat<\/th>\n<td>0379 447-7600<\/td>\n<\/tr>\n<tr>\n<th scope=\"row\">V\u00eda Bariloche<\/th>\n<td>0379 447-7600<\/td>\n<\/tr>\n<tr>\n<th scope=\"row\">Singer<\/th>\n<td>0379 441-4843<\/td>\n<\/tr>\n<\/tbody>\n<\/table>\n<\/div><\/div>\n<\/div>\n<div class=\"card\" >\n<div class=\"card-header\"><a class=\"collapsed\" data-toggle=\"collapse\" data-parent=\"#accordion0\" href=\"#collapse1\" aria-controls=\"collapse1\">Empresas com Servi\u00e7os Provinciais<\/a><\/div>\n<div id=\"collapse1\" class=\"collapse\" role=\"tabpanel\" data-parent=\"#accordion0\"><div class=\"card-body\">\n<table class=\"table table-striped\">\n<tbody>\n<tr>\n<th scope=\"row\">Rio Uruguay<\/th>\n<td>0379 441-4602<\/td>\n<\/tr>\n<tr>\n<th scope=\"row\">Albizzatti<\/th>\n<td>0379 444-2147<\/td>\n<\/tr>\n<tr>\n<th scope=\"row\">Crucero del Norte<\/th>\n<td>0379 441-4839 \/ 443-4025<\/td>\n<\/tr>\n<tr>\n<th scope=\"row\">Don Antonio<\/th>\n<td>0379 444-5949<\/td>\n<\/tr>\n<tr>\n<th scope=\"row\">ERSA<\/th>\n<td>0379 444-6533<\/td>\n<\/tr>\n<tr>\n<th scope=\"row\">Grachot<\/th>\n<td>0379 444-470<\/td>\n<\/tr>\n<tr>\n<th scope=\"row\">Nuevo Expreso<\/th>\n<td>0379 444-2108<\/td>\n<\/tr>\n<tr>\n<th scope=\"row\">R\u00e1pido Bus<\/th>\n<td>0379 444-2850<\/td>\n<\/tr>\n<tr>\n<th scope=\"row\">Ray Bus<\/th>\n<td>0379 441-4889<\/td>\n<\/tr>\n<tr>\n<th scope=\"row\">San Antonio<\/th>\n<td>0379 441-4037<\/td>\n<\/tr>\n<tr>\n<th scope=\"row\">Santa Ana<\/th>\n<td>0379 442-7972<\/td>\n<\/tr>\n<tr>\n<th scope=\"row\">Santa Lucia<\/th>\n<td>0379 444-7914<\/td>\n<\/tr>\n<tr>\n<th scope=\"row\">Silvia<\/th>\n<td>0379 444-7755<\/td>\n<\/tr>\n<\/tbody>\n<\/table>\n<\/div><\/div>\n<\/div>\n<\/div>\n<h2 id=\"agencias\">Ag\u00eancias de Turismo Receptivo<\/h2>\n<table class=\"table table-striped\">\n<thead>\n<tr>\n<th scope=\"col\">Nome<\/th>\n<th scope=\"col\">Endere\u00e7o<\/th>\n<th scope=\"col\">Telefone<\/th>\n<th scope=\"col\">Links<\/th>\n<\/tr>\n<\/thead>\n<tbody>\n<tr>\n<th scope=\"row\">Guazu<\/th>\n<td>San Martin 2001 Oficina 1<\/td>\n<td>3795 027571 \/ 379 4464637<\/td>\n<td><a href=\"mailto:comercial@guazutravel.com\"><i class=\"fa fa-envelope \" ><\/i><\/a><a href=\"http:\/\/guazutravel.com\/site\/\" target=\"_blank\" rel=\"noopener noreferrer\"><i class=\"fa fa-globe \" ><\/i><\/a><a href=\"https:\/\/www.facebook.com\/esterosdeliberasa\/\" target=\"_blank\" rel=\"noopener noreferrer\"><i class=\"fa fa-facebook-square \" ><\/i><\/a><\/td>\n<\/tr>\n<tr>\n<th scope=\"row\">Correntur<\/th>\n<td>Mendoza 652<\/td>\n<td>0379 432-482<\/td>\n<td><a href=\"mailto:corrientur@gmail.com\"><i class=\"fa fa-envelope \" ><\/i><\/a><a href=\"http:\/\/correntur.tur.ar\/\" target=\"_blank\" rel=\"noopener noreferrer\"><i class=\"fa fa-globe \" ><\/i><\/a><a href=\"https:\/\/www.facebook.com\/correntur\/\" target=\"_blank\" rel=\"noopener noreferrer\"><i class=\"fa fa-facebook-square \" ><\/i><\/a><\/td>\n<\/tr>\n<tr>\n<th scope=\"row\">CNQ Viajes<\/th>\n<td>Las Heras 3557<\/td>\n<td>0379 448-3813<\/td>\n<td><a href=\"mailto:cnqviajes@gmail.com\"><i class=\"fa fa-envelope \" ><\/i><\/a><a href=\"http:\/\/cnqviajes.tur.ar\/\" target=\"_blank\" rel=\"noopener noreferrer\"><i class=\"fa fa-globe \" ><\/i><\/a><a href=\"https:\/\/www.facebook.com\/correntur\/\" target=\"_blank\" rel=\"noopener noreferrer\"><i class=\"fa fa-facebook-square \" ><\/i><\/a><\/td>\n<\/tr>\n<\/tbody>\n<\/table>\n<h2 id=\"agencias\">C\u00e2mbio<\/h2>\n<table class=\"table table-striped\">\n<thead>\n<tr>\n<th scope=\"col\">Nome<\/th>\n<th scope=\"col\">Endere\u00e7o<\/th>\n<th scope=\"col\">Telefone<\/th>\n<th scope=\"col\">Links<\/th>\n<\/tr>\n<\/thead>\n<tbody>\n<tr>\n<th scope=\"row\">Agencia de Cambio Domingo Viajes<\/th>\n<td>Tucum\u00e1n 1031<\/td>\n<td>379-4231334<\/td>\n<td><a href=\"https:\/\/www.facebook.com\/Domingo-Viajes-701955256655295\/\" target=\"_blank\" rel=\"noopener noreferrer\"><i class=\"fa fa-facebook-square \" ><\/i><\/a><\/td>\n<\/tr>\n<tr>\n<th scope=\"row\">El Dorado Casa de Cambio<\/th>\n<td>9 de Julio 996<\/td>\n<td>0379 443-5236<\/td>\n<td><a href=\"http:\/\/www.eldoradosa.com\/\" target=\"_blank\" rel=\"noopener noreferrer\"><i class=\"fa fa-globe \" ><\/i><\/a><\/td>\n<\/tr>\n<\/tbody>\n<\/table>","protected":false},"excerpt":{"rendered":"<p>Transporte A\u00e9reo Nome Endere\u00e7o Telefone Links Aeropuerto Internacional DR. Fernando Piragine Niveyro Ruta 12 Km 1020, Corrientes 0379 445-8684 &#8211; Aeropuerto Internacional Resistencia Ruta Nacional 11 Km 1003 &#8211; 5, Resistencia 0362 444-6009 &#8211; Aeropuerto Internacional Silvio Pettirossi CC 1752, Asunci\u00f3n &#8211; Rep\u00fablica del Paraguay 595 21 645 600 &#8211; Aerol\u00edneas Argentinas (Sucursal Corrientes) Jun\u00edn<a href=\"https:\/\/desarrollovisit.ciudaddecorrientes.gov.ar\/pb\/sobre-corrientes\/conectividad\/\" class=\"ver-mas\">Ver Mais &rarr;<\/a><\/p>\n","protected":false},"author":2,"featured_media":0,"parent":4,"menu_order":0,"comment_status":"closed","ping_status":"closed","template":"","meta":{"footnotes":""},"class_list":["post-60","page","type-page","status-publish","hentry"],"yoast_head":"<!-- This site is optimized with the Yoast SEO plugin v23.9 - https:\/\/yoast.com\/wordpress\/plugins\/seo\/ -->\n<title>Conectividade - Ciudad de Corrientes<\/title>\n<meta name=\"robots\" content=\"index, follow, max-snippet:-1, max-image-preview:large, max-video-preview:-1\" \/>\n<link rel=\"canonical\" href=\"https:\/\/desarrollovisit.ciudaddecorrientes.gov.ar\/sobre-corrientes\/conectividad\/\" \/>\n<meta property=\"og:locale\" content=\"pt_BR\" \/>\n<meta property=\"og:type\" content=\"article\" \/>\n<meta property=\"og:title\" content=\"Conectividade - Ciudad de Corrientes\" \/>\n<meta property=\"og:description\" content=\"Transporte A\u00e9reo Nome Endere\u00e7o Telefone Links Aeropuerto Internacional DR. Fernando Piragine Niveyro Ruta 12 Km 1020, Corrientes 0379 445-8684 &#8211; Aeropuerto Internacional Resistencia Ruta Nacional 11 Km 1003 &#8211; 5, Resistencia 0362 444-6009 &#8211; Aeropuerto Internacional Silvio Pettirossi CC 1752, Asunci\u00f3n &#8211; Rep\u00fablica del Paraguay 595 21 645 600 &#8211; Aerol\u00edneas Argentinas (Sucursal Corrientes) Jun\u00ednVer Mais &rarr;\" \/>\n<meta property=\"og:url\" content=\"https:\/\/desarrollovisit.ciudaddecorrientes.gov.ar\/sobre-corrientes\/conectividad\/\" \/>\n<meta property=\"og:site_name\" content=\"Ciudad de Corrientes\" \/>\n<meta property=\"article:modified_time\" content=\"2025-02-22T13:47:29+00:00\" \/>\n<meta property=\"og:image\" content=\"https:\/\/desarrollovisit.ciudaddecorrientes.gov.ar\/wp-content\/uploads\/2018\/08\/SECRETARIA-DE-TURISMO_SW_Imagen_Opengraph-01.jpg\" \/>\n\t<meta property=\"og:image:width\" content=\"1000\" \/>\n\t<meta property=\"og:image:height\" content=\"1000\" \/>\n\t<meta property=\"og:image:type\" content=\"image\/jpeg\" \/>\n<meta name=\"twitter:card\" content=\"summary_large_image\" \/>\n<meta name=\"twitter:label1\" content=\"Est. tempo de leitura\" \/>\n\t<meta name=\"twitter:data1\" content=\"3 minutos\" \/>\n<script type=\"application\/ld+json\" class=\"yoast-schema-graph\">{\"@context\":\"https:\/\/schema.org\",\"@graph\":[{\"@type\":\"WebPage\",\"@id\":\"https:\/\/desarrollovisit.ciudaddecorrientes.gov.ar\/sobre-corrientes\/conectividad\/\",\"url\":\"https:\/\/desarrollovisit.ciudaddecorrientes.gov.ar\/sobre-corrientes\/conectividad\/\",\"name\":\"Conectividade - Ciudad de Corrientes\",\"isPartOf\":{\"@id\":\"https:\/\/desarrollovisit.ciudaddecorrientes.gov.ar\/#website\"},\"datePublished\":\"2018-06-26T14:10:56+00:00\",\"dateModified\":\"2025-02-22T13:47:29+00:00\",\"breadcrumb\":{\"@id\":\"https:\/\/desarrollovisit.ciudaddecorrientes.gov.ar\/sobre-corrientes\/conectividad\/#breadcrumb\"},\"inLanguage\":\"pt-BR\",\"potentialAction\":[{\"@type\":\"ReadAction\",\"target\":[\"https:\/\/desarrollovisit.ciudaddecorrientes.gov.ar\/sobre-corrientes\/conectividad\/\"]}]},{\"@type\":\"BreadcrumbList\",\"@id\":\"https:\/\/desarrollovisit.ciudaddecorrientes.gov.ar\/sobre-corrientes\/conectividad\/#breadcrumb\",\"itemListElement\":[{\"@type\":\"ListItem\",\"position\":1,\"name\":\"Portada\",\"item\":\"https:\/\/desarrollovisit.ciudaddecorrientes.gov.ar\/\"},{\"@type\":\"ListItem\",\"position\":2,\"name\":\"Sobre Corrientes\",\"item\":\"https:\/\/desarrollovisit.ciudaddecorrientes.gov.ar\/sobre-corrientes\/\"},{\"@type\":\"ListItem\",\"position\":3,\"name\":\"Conectividad\"}]},{\"@type\":\"WebSite\",\"@id\":\"https:\/\/desarrollovisit.ciudaddecorrientes.gov.ar\/#website\",\"url\":\"https:\/\/desarrollovisit.ciudaddecorrientes.gov.ar\/\",\"name\":\"Ciudad de Corrientes\",\"description\":\"Secretaria de Turismo, Deporte y Cultural\",\"publisher\":{\"@id\":\"https:\/\/desarrollovisit.ciudaddecorrientes.gov.ar\/#organization\"},\"potentialAction\":[{\"@type\":\"SearchAction\",\"target\":{\"@type\":\"EntryPoint\",\"urlTemplate\":\"https:\/\/desarrollovisit.ciudaddecorrientes.gov.ar\/?s={search_term_string}\"},\"query-input\":{\"@type\":\"PropertyValueSpecification\",\"valueRequired\":true,\"valueName\":\"search_term_string\"}}],\"inLanguage\":\"pt-BR\"},{\"@type\":\"Organization\",\"@id\":\"https:\/\/desarrollovisit.ciudaddecorrientes.gov.ar\/#organization\",\"name\":\"Secretaria de Turismo, Deporte y Cultura\",\"url\":\"https:\/\/desarrollovisit.ciudaddecorrientes.gov.ar\/\",\"logo\":{\"@type\":\"ImageObject\",\"inLanguage\":\"pt-BR\",\"@id\":\"https:\/\/desarrollovisit.ciudaddecorrientes.gov.ar\/#\/schema\/logo\/image\/\",\"url\":\"https:\/\/visitcorrientes.tur.ar\/wp-content\/uploads\/2018\/07\/iso.png\",\"contentUrl\":\"https:\/\/visitcorrientes.tur.ar\/wp-content\/uploads\/2018\/07\/iso.png\",\"width\":547,\"height\":178,\"caption\":\"Secretaria de Turismo, Deporte y Cultura\"},\"image\":{\"@id\":\"https:\/\/desarrollovisit.ciudaddecorrientes.gov.ar\/#\/schema\/logo\/image\/\"}}]}<\/script>\n<!-- \/ Yoast SEO plugin. -->","yoast_head_json":{"title":"Conectividade - Ciudad de Corrientes","robots":{"index":"index","follow":"follow","max-snippet":"max-snippet:-1","max-image-preview":"max-image-preview:large","max-video-preview":"max-video-preview:-1"},"canonical":"https:\/\/desarrollovisit.ciudaddecorrientes.gov.ar\/sobre-corrientes\/conectividad\/","og_locale":"pt_BR","og_type":"article","og_title":"Conectividade - Ciudad de Corrientes","og_description":"Transporte A\u00e9reo Nome Endere\u00e7o Telefone Links Aeropuerto Internacional DR. Fernando Piragine Niveyro Ruta 12 Km 1020, Corrientes 0379 445-8684 &#8211; Aeropuerto Internacional Resistencia Ruta Nacional 11 Km 1003 &#8211; 5, Resistencia 0362 444-6009 &#8211; Aeropuerto Internacional Silvio Pettirossi CC 1752, Asunci\u00f3n &#8211; Rep\u00fablica del Paraguay 595 21 645 600 &#8211; Aerol\u00edneas Argentinas (Sucursal Corrientes) Jun\u00ednVer Mais &rarr;","og_url":"https:\/\/desarrollovisit.ciudaddecorrientes.gov.ar\/sobre-corrientes\/conectividad\/","og_site_name":"Ciudad de Corrientes","article_modified_time":"2025-02-22T13:47:29+00:00","og_image":[{"width":1000,"height":1000,"url":"https:\/\/desarrollovisit.ciudaddecorrientes.gov.ar\/wp-content\/uploads\/2018\/08\/SECRETARIA-DE-TURISMO_SW_Imagen_Opengraph-01.jpg","type":"image\/jpeg"}],"twitter_card":"summary_large_image","twitter_misc":{"Est. tempo de leitura":"3 minutos"},"schema":{"@context":"https:\/\/schema.org","@graph":[{"@type":"WebPage","@id":"https:\/\/desarrollovisit.ciudaddecorrientes.gov.ar\/sobre-corrientes\/conectividad\/","url":"https:\/\/desarrollovisit.ciudaddecorrientes.gov.ar\/sobre-corrientes\/conectividad\/","name":"Conectividade - Ciudad de Corrientes","isPartOf":{"@id":"https:\/\/desarrollovisit.ciudaddecorrientes.gov.ar\/#website"},"datePublished":"2018-06-26T14:10:56+00:00","dateModified":"2025-02-22T13:47:29+00:00","breadcrumb":{"@id":"https:\/\/desarrollovisit.ciudaddecorrientes.gov.ar\/sobre-corrientes\/conectividad\/#breadcrumb"},"inLanguage":"pt-BR","potentialAction":[{"@type":"ReadAction","target":["https:\/\/desarrollovisit.ciudaddecorrientes.gov.ar\/sobre-corrientes\/conectividad\/"]}]},{"@type":"BreadcrumbList","@id":"https:\/\/desarrollovisit.ciudaddecorrientes.gov.ar\/sobre-corrientes\/conectividad\/#breadcrumb","itemListElement":[{"@type":"ListItem","position":1,"name":"Portada","item":"https:\/\/desarrollovisit.ciudaddecorrientes.gov.ar\/"},{"@type":"ListItem","position":2,"name":"Sobre Corrientes","item":"https:\/\/desarrollovisit.ciudaddecorrientes.gov.ar\/sobre-corrientes\/"},{"@type":"ListItem","position":3,"name":"Conectividad"}]},{"@type":"WebSite","@id":"https:\/\/desarrollovisit.ciudaddecorrientes.gov.ar\/#website","url":"https:\/\/desarrollovisit.ciudaddecorrientes.gov.ar\/","name":"Ciudad de Corrientes","description":"Secretaria de Turismo, Deporte y Cultural","publisher":{"@id":"https:\/\/desarrollovisit.ciudaddecorrientes.gov.ar\/#organization"},"potentialAction":[{"@type":"SearchAction","target":{"@type":"EntryPoint","urlTemplate":"https:\/\/desarrollovisit.ciudaddecorrientes.gov.ar\/?s={search_term_string}"},"query-input":{"@type":"PropertyValueSpecification","valueRequired":true,"valueName":"search_term_string"}}],"inLanguage":"pt-BR"},{"@type":"Organization","@id":"https:\/\/desarrollovisit.ciudaddecorrientes.gov.ar\/#organization","name":"Secretaria de Turismo, Deporte y Cultura","url":"https:\/\/desarrollovisit.ciudaddecorrientes.gov.ar\/","logo":{"@type":"ImageObject","inLanguage":"pt-BR","@id":"https:\/\/desarrollovisit.ciudaddecorrientes.gov.ar\/#\/schema\/logo\/image\/","url":"https:\/\/visitcorrientes.tur.ar\/wp-content\/uploads\/2018\/07\/iso.png","contentUrl":"https:\/\/visitcorrientes.tur.ar\/wp-content\/uploads\/2018\/07\/iso.png","width":547,"height":178,"caption":"Secretaria de Turismo, Deporte y Cultura"},"image":{"@id":"https:\/\/desarrollovisit.ciudaddecorrientes.gov.ar\/#\/schema\/logo\/image\/"}}]}},"_links":{"self":[{"href":"https:\/\/desarrollovisit.ciudaddecorrientes.gov.ar\/pb\/wp-json\/wp\/v2\/pages\/60","targetHints":{"allow":["GET"]}}],"collection":[{"href":"https:\/\/desarrollovisit.ciudaddecorrientes.gov.ar\/pb\/wp-json\/wp\/v2\/pages"}],"about":[{"href":"https:\/\/desarrollovisit.ciudaddecorrientes.gov.ar\/pb\/wp-json\/wp\/v2\/types\/page"}],"author":[{"embeddable":true,"href":"https:\/\/desarrollovisit.ciudaddecorrientes.gov.ar\/pb\/wp-json\/wp\/v2\/users\/2"}],"replies":[{"embeddable":true,"href":"https:\/\/desarrollovisit.ciudaddecorrientes.gov.ar\/pb\/wp-json\/wp\/v2\/comments?post=60"}],"version-history":[{"count":16,"href":"https:\/\/desarrollovisit.ciudaddecorrientes.gov.ar\/pb\/wp-json\/wp\/v2\/pages\/60\/revisions"}],"predecessor-version":[{"id":23341,"href":"https:\/\/desarrollovisit.ciudaddecorrientes.gov.ar\/pb\/wp-json\/wp\/v2\/pages\/60\/revisions\/23341"}],"up":[{"embeddable":true,"href":"https:\/\/desarrollovisit.ciudaddecorrientes.gov.ar\/pb\/wp-json\/wp\/v2\/pages\/4"}],"wp:attachment":[{"href":"https:\/\/desarrollovisit.ciudaddecorrientes.gov.ar\/pb\/wp-json\/wp\/v2\/media?parent=60"}],"curies":[{"name":"wp","href":"https:\/\/api.w.org\/{rel}","templated":true}]}}