{"id":4,"date":"2018-06-25T11:01:03","date_gmt":"2018-06-25T14:01:03","guid":{"rendered":"https:\/\/desarrollovisit.ciudaddecorrientes.gov.ar\/?page_id=4"},"modified":"2024-11-07T19:25:42","modified_gmt":"2024-11-07T22:25:42","slug":"sobre-corrientes","status":"publish","type":"page","link":"https:\/\/desarrollovisit.ciudaddecorrientes.gov.ar\/pb\/sobre-corrientes\/","title":{"rendered":"Sobre Corrientes"},"content":{"rendered":"<div class=\"container-fluid description-bg\">\n<div class=\"container\">\n<div class=\"row description\">\n<div class=\"col-md-6\">\n<p>Corrientes Capital envolve uma mistura fascinante de sabores, aromas, tradi\u00e7\u00f5es e cultura que se podem respirar nas ruas.<br \/>\nUm passeio pela costa da cidade, a famosa \u201cCostanera\u201d, percorrendo as margens do rio Paran\u00e1, resulta em uma maneira diferente de se aproximar as belezas de uma cidade sem par.<\/p>\n<p>A cidade de Corrientes, a intensidade do sol convida a visitar as praias e a se mergulhar e se refrescar nas aguas nos dias de ver\u00e3o.<\/p>\n<p>La, voc\u00ea encontrar\u00e1 uma magnifica variedade de locais, onde crian\u00e7as, jovens e adultos poder\u00e3o se relaxar e desfrutar de um entorno natural.<\/p>\n<p>\u00c0 noite, os turistas e os pr\u00f3prios correntinos desfrutam de numerosos lugares de encontro, como bares e confeitarias.<\/p>\n<p>A cidade possui uma riqueza arquitet\u00f4nica em variedade de estilos e \u00e9 amplamente dotada para o atendimento do turista. Seus pr\u00e9dios, desenhados por um suave barroquismo colonial e europeu, combinam em perfeita harmonia com a vegeta\u00e7\u00e3o caracter\u00edstica de suas ruas e parques: ac\u00e1cias-rubras, laranjeiras, corticeiras, ip\u00eas, jacarand\u00e1s, entre outros.<\/p>\n<\/div>\n<div class=\"col-md-6\">\n<p>Na denominada \u201cCostanera Sur\u201d, que come\u00e7a debaixo da ponte \u201cGeneral Belgrano\u201d, podemos encontrar as belas praias Arazaty I e II, amplos balne\u00e1rios na beira do Paran\u00e1, que j\u00e1 receberam milhares de turistas na \u00faltima temporada de ver\u00e3o.<\/p>\n<p>\nCorrientes \u00e9 a capital do carnaval argentino. Essa antiga rememora\u00e7\u00e3o oferece o deslumbrante e espetacular som de suas comparsas e dan\u00e7as, cuja fama vai al\u00e9m dos limites da prov\u00edncia.<\/p>\n<p>Tamb\u00e9m \u00e9 a Capital Nacional do Chamam\u00e9. A principal representa\u00e7\u00e3o da dan\u00e7a e da m\u00fasica correntina, imprescind\u00edvel em qualquer evento ou festividade, familiar ou popular.<\/p>\n<p><span style=\"font-size: 1rem;\"><\/div><\/span><\/p>\n<\/div>\n<\/div>\n<\/div>\n<div class=\"container-fluid map\">\n<div class=\"container\">\n<div id=\"map\"><\/div>\n<div class=\"row\">\n<div class=\"col-sm-12\">\n<h2>Mapa Turistico<\/h2>\n<\/div>\n<img loading=\"lazy\" decoding=\"async\" class=\"alignnone wp-image-1458 size-full img-fluid\" src=\"https:\/\/desarrollovisit.ciudaddecorrientes.gov.ar\/wp-content\/uploads\/2018\/08\/plano_pt.jpg\" alt=\"\" width=\"1200\" height=\"840\" srcset=\"https:\/\/desarrollovisit.ciudaddecorrientes.gov.ar\/wp-content\/uploads\/2018\/08\/plano_pt.jpg 1200w, https:\/\/desarrollovisit.ciudaddecorrientes.gov.ar\/wp-content\/uploads\/2018\/08\/plano_pt-300x210.jpg 300w, https:\/\/desarrollovisit.ciudaddecorrientes.gov.ar\/wp-content\/uploads\/2018\/08\/plano_pt-768x538.jpg 768w, https:\/\/desarrollovisit.ciudaddecorrientes.gov.ar\/wp-content\/uploads\/2018\/08\/plano_pt-1024x717.jpg 1024w\" sizes=\"auto, (max-width: 1200px) 100vw, 1200px\" \/><\/p>\n<a href=\"https:\/\/desarrollovisit.ciudaddecorrientes.gov.ar\/wp-content\/uploads\/2018\/08\/mapaturistico_pt.pdf\" class=\"btn btn-primary\">Baixar<\/a>\n<\/div>\n<\/div>\n<\/div>\n<div class=\"container-fluid galeria-bg\">\n<div class=\"container\">\n<div id=\"postales\"><\/div>\n<div class=\"row\">\n<h2>Galeria<\/h2>\n<div class=\"col-12\">\n<div id='gallery-3' class='gallery galleryid-4 gallery-columns-3 gallery-size-thumbnail'><figure class='gallery-item'>\n\t\t\t<div class='gallery-icon landscape'>\n\t\t\t\t<a href='https:\/\/desarrollovisit.ciudaddecorrientes.gov.ar\/pb\/sobre-corrientes\/galeria_4\/'><img loading=\"lazy\" decoding=\"async\" width=\"150\" height=\"150\" src=\"https:\/\/desarrollovisit.ciudaddecorrientes.gov.ar\/wp-content\/uploads\/2018\/07\/Galeria_4-150x150.jpg\" class=\"attachment-thumbnail size-thumbnail\" alt=\"\" \/><\/a>\n\t\t\t<\/div><\/figure><figure class='gallery-item'>\n\t\t\t<div class='gallery-icon landscape'>\n\t\t\t\t<a href='https:\/\/desarrollovisit.ciudaddecorrientes.gov.ar\/pb\/sobre-corrientes\/img_8168\/'><img loading=\"lazy\" decoding=\"async\" width=\"150\" height=\"150\" src=\"https:\/\/desarrollovisit.ciudaddecorrientes.gov.ar\/wp-content\/uploads\/2018\/07\/IMG_8168-150x150.jpg\" class=\"attachment-thumbnail size-thumbnail\" alt=\"\" srcset=\"https:\/\/desarrollovisit.ciudaddecorrientes.gov.ar\/wp-content\/uploads\/2018\/07\/IMG_8168-150x150.jpg 150w, https:\/\/desarrollovisit.ciudaddecorrientes.gov.ar\/wp-content\/uploads\/2018\/07\/IMG_8168-300x300.jpg 300w, https:\/\/desarrollovisit.ciudaddecorrientes.gov.ar\/wp-content\/uploads\/2018\/07\/IMG_8168-768x768.jpg 768w, https:\/\/desarrollovisit.ciudaddecorrientes.gov.ar\/wp-content\/uploads\/2018\/07\/IMG_8168.jpg 1000w\" sizes=\"auto, (max-width: 150px) 100vw, 150px\" \/><\/a>\n\t\t\t<\/div><\/figure><figure class='gallery-item'>\n\t\t\t<div class='gallery-icon portrait'>\n\t\t\t\t<a href='https:\/\/desarrollovisit.ciudaddecorrientes.gov.ar\/pb\/sobre-corrientes\/galeria_3\/'><img loading=\"lazy\" decoding=\"async\" width=\"150\" height=\"150\" src=\"https:\/\/desarrollovisit.ciudaddecorrientes.gov.ar\/wp-content\/uploads\/2018\/07\/Galeria_3-150x150.jpg\" class=\"attachment-thumbnail size-thumbnail\" alt=\"\" \/><\/a>\n\t\t\t<\/div><\/figure><figure class='gallery-item'>\n\t\t\t<div class='gallery-icon landscape'>\n\t\t\t\t<a href='https:\/\/desarrollovisit.ciudaddecorrientes.gov.ar\/pb\/sobre-corrientes\/la-ciudad-26\/'><img loading=\"lazy\" decoding=\"async\" width=\"150\" height=\"150\" src=\"https:\/\/desarrollovisit.ciudaddecorrientes.gov.ar\/wp-content\/uploads\/2018\/07\/la-ciudad-26-150x150.jpg\" class=\"attachment-thumbnail size-thumbnail\" alt=\"\" \/><\/a>\n\t\t\t<\/div><\/figure><figure class='gallery-item'>\n\t\t\t<div class='gallery-icon landscape'>\n\t\t\t\t<a href='https:\/\/desarrollovisit.ciudaddecorrientes.gov.ar\/pb\/sobre-corrientes\/galeria_2\/'><img loading=\"lazy\" decoding=\"async\" width=\"150\" height=\"150\" src=\"https:\/\/desarrollovisit.ciudaddecorrientes.gov.ar\/wp-content\/uploads\/2018\/07\/Galeria_2-150x150.jpg\" class=\"attachment-thumbnail size-thumbnail\" alt=\"\" \/><\/a>\n\t\t\t<\/div><\/figure><figure class='gallery-item'>\n\t\t\t<div class='gallery-icon portrait'>\n\t\t\t\t<a href='https:\/\/desarrollovisit.ciudaddecorrientes.gov.ar\/pb\/sobre-corrientes\/galeria_8\/'><img loading=\"lazy\" decoding=\"async\" width=\"150\" height=\"150\" src=\"https:\/\/desarrollovisit.ciudaddecorrientes.gov.ar\/wp-content\/uploads\/2018\/07\/Galeria_8-150x150.jpg\" class=\"attachment-thumbnail size-thumbnail\" alt=\"\" \/><\/a>\n\t\t\t<\/div><\/figure><figure class='gallery-item'>\n\t\t\t<div class='gallery-icon landscape'>\n\t\t\t\t<a href='https:\/\/desarrollovisit.ciudaddecorrientes.gov.ar\/pb\/sobre-corrientes\/img_5037\/'><img loading=\"lazy\" decoding=\"async\" width=\"150\" height=\"150\" src=\"https:\/\/desarrollovisit.ciudaddecorrientes.gov.ar\/wp-content\/uploads\/2018\/07\/IMG_5037-150x150.jpg\" class=\"attachment-thumbnail size-thumbnail\" alt=\"\" \/><\/a>\n\t\t\t<\/div><\/figure><figure class='gallery-item'>\n\t\t\t<div class='gallery-icon landscape'>\n\t\t\t\t<a href='https:\/\/desarrollovisit.ciudaddecorrientes.gov.ar\/pb\/sobre-corrientes\/img_5031\/'><img loading=\"lazy\" decoding=\"async\" width=\"150\" height=\"150\" src=\"https:\/\/desarrollovisit.ciudaddecorrientes.gov.ar\/wp-content\/uploads\/2018\/07\/IMG_5031-150x150.jpg\" class=\"attachment-thumbnail size-thumbnail\" alt=\"\" \/><\/a>\n\t\t\t<\/div><\/figure><figure class='gallery-item'>\n\t\t\t<div class='gallery-icon landscape'>\n\t\t\t\t<a href='https:\/\/desarrollovisit.ciudaddecorrientes.gov.ar\/pb\/sobre-corrientes\/img_5127-2\/'><img loading=\"lazy\" decoding=\"async\" width=\"150\" height=\"150\" src=\"https:\/\/desarrollovisit.ciudaddecorrientes.gov.ar\/wp-content\/uploads\/2018\/07\/IMG_5127-1-150x150.jpg\" class=\"attachment-thumbnail size-thumbnail\" alt=\"\" \/><\/a>\n\t\t\t<\/div><\/figure><figure class='gallery-item'>\n\t\t\t<div class='gallery-icon landscape'>\n\t\t\t\t<a href='https:\/\/desarrollovisit.ciudaddecorrientes.gov.ar\/pb\/sobre-corrientes\/img_9544\/'><img loading=\"lazy\" decoding=\"async\" width=\"150\" height=\"150\" src=\"https:\/\/desarrollovisit.ciudaddecorrientes.gov.ar\/wp-content\/uploads\/2018\/07\/IMG_9544-150x150.jpg\" class=\"attachment-thumbnail size-thumbnail\" alt=\"\" srcset=\"https:\/\/desarrollovisit.ciudaddecorrientes.gov.ar\/wp-content\/uploads\/2018\/07\/IMG_9544-150x150.jpg 150w, https:\/\/desarrollovisit.ciudaddecorrientes.gov.ar\/wp-content\/uploads\/2018\/07\/IMG_9544-300x300.jpg 300w, https:\/\/desarrollovisit.ciudaddecorrientes.gov.ar\/wp-content\/uploads\/2018\/07\/IMG_9544-768x768.jpg 768w, https:\/\/desarrollovisit.ciudaddecorrientes.gov.ar\/wp-content\/uploads\/2018\/07\/IMG_9544.jpg 1000w\" sizes=\"auto, (max-width: 150px) 100vw, 150px\" \/><\/a>\n\t\t\t<\/div><\/figure><figure class='gallery-item'>\n\t\t\t<div class='gallery-icon portrait'>\n\t\t\t\t<a href='https:\/\/desarrollovisit.ciudaddecorrientes.gov.ar\/pb\/sobre-corrientes\/img_5895\/'><img loading=\"lazy\" decoding=\"async\" width=\"150\" height=\"150\" src=\"https:\/\/desarrollovisit.ciudaddecorrientes.gov.ar\/wp-content\/uploads\/2018\/07\/IMG_5895-150x150.jpg\" class=\"attachment-thumbnail size-thumbnail\" alt=\"\" \/><\/a>\n\t\t\t<\/div><\/figure><figure class='gallery-item'>\n\t\t\t<div class='gallery-icon landscape'>\n\t\t\t\t<a href='https:\/\/desarrollovisit.ciudaddecorrientes.gov.ar\/pb\/sobre-corrientes\/img_5146\/'><img loading=\"lazy\" decoding=\"async\" width=\"150\" height=\"150\" src=\"https:\/\/desarrollovisit.ciudaddecorrientes.gov.ar\/wp-content\/uploads\/2018\/07\/IMG_5146-150x150.jpg\" class=\"attachment-thumbnail size-thumbnail\" alt=\"\" srcset=\"https:\/\/desarrollovisit.ciudaddecorrientes.gov.ar\/wp-content\/uploads\/2018\/07\/IMG_5146-150x150.jpg 150w, https:\/\/desarrollovisit.ciudaddecorrientes.gov.ar\/wp-content\/uploads\/2018\/07\/IMG_5146-300x300.jpg 300w, https:\/\/desarrollovisit.ciudaddecorrientes.gov.ar\/wp-content\/uploads\/2018\/07\/IMG_5146-768x768.jpg 768w, https:\/\/desarrollovisit.ciudaddecorrientes.gov.ar\/wp-content\/uploads\/2018\/07\/IMG_5146.jpg 1000w\" sizes=\"auto, (max-width: 150px) 100vw, 150px\" \/><\/a>\n\t\t\t<\/div><\/figure><figure class='gallery-item'>\n\t\t\t<div class='gallery-icon landscape'>\n\t\t\t\t<a href='https:\/\/desarrollovisit.ciudaddecorrientes.gov.ar\/pb\/sobre-corrientes\/img_8142\/'><img loading=\"lazy\" decoding=\"async\" width=\"150\" height=\"150\" src=\"https:\/\/desarrollovisit.ciudaddecorrientes.gov.ar\/wp-content\/uploads\/2018\/07\/IMG_8142-150x150.jpg\" class=\"attachment-thumbnail size-thumbnail\" alt=\"\" srcset=\"https:\/\/desarrollovisit.ciudaddecorrientes.gov.ar\/wp-content\/uploads\/2018\/07\/IMG_8142-150x150.jpg 150w, https:\/\/desarrollovisit.ciudaddecorrientes.gov.ar\/wp-content\/uploads\/2018\/07\/IMG_8142-300x300.jpg 300w, https:\/\/desarrollovisit.ciudaddecorrientes.gov.ar\/wp-content\/uploads\/2018\/07\/IMG_8142-768x768.jpg 768w, https:\/\/desarrollovisit.ciudaddecorrientes.gov.ar\/wp-content\/uploads\/2018\/07\/IMG_8142.jpg 1000w\" sizes=\"auto, (max-width: 150px) 100vw, 150px\" \/><\/a>\n\t\t\t<\/div><\/figure><figure class='gallery-item'>\n\t\t\t<div class='gallery-icon landscape'>\n\t\t\t\t<a href='https:\/\/desarrollovisit.ciudaddecorrientes.gov.ar\/pb\/sobre-corrientes\/dcim100goprogopr0596-jpg\/'><img loading=\"lazy\" decoding=\"async\" width=\"150\" height=\"150\" src=\"https:\/\/desarrollovisit.ciudaddecorrientes.gov.ar\/wp-content\/uploads\/2018\/07\/IMG_7406-150x150.jpg\" class=\"attachment-thumbnail size-thumbnail\" alt=\"\" \/><\/a>\n\t\t\t<\/div><\/figure><figure class='gallery-item'>\n\t\t\t<div class='gallery-icon portrait'>\n\t\t\t\t<a href='https:\/\/desarrollovisit.ciudaddecorrientes.gov.ar\/pb\/sobre-corrientes\/galeria_7\/'><img loading=\"lazy\" decoding=\"async\" width=\"150\" height=\"150\" src=\"https:\/\/desarrollovisit.ciudaddecorrientes.gov.ar\/wp-content\/uploads\/2018\/07\/Galeria_7-150x150.jpg\" class=\"attachment-thumbnail size-thumbnail\" alt=\"\" \/><\/a>\n\t\t\t<\/div><\/figure><figure class='gallery-item'>\n\t\t\t<div class='gallery-icon landscape'>\n\t\t\t\t<a href='https:\/\/desarrollovisit.ciudaddecorrientes.gov.ar\/pb\/sobre-corrientes\/galeria_5\/'><img loading=\"lazy\" decoding=\"async\" width=\"150\" height=\"150\" src=\"https:\/\/desarrollovisit.ciudaddecorrientes.gov.ar\/wp-content\/uploads\/2018\/07\/Galeria_5-150x150.jpg\" class=\"attachment-thumbnail size-thumbnail\" alt=\"\" \/><\/a>\n\t\t\t<\/div><\/figure><figure class='gallery-item'>\n\t\t\t<div class='gallery-icon landscape'>\n\t\t\t\t<a href='https:\/\/desarrollovisit.ciudaddecorrientes.gov.ar\/pb\/sobre-corrientes\/img_6098\/'><img loading=\"lazy\" decoding=\"async\" width=\"150\" height=\"150\" src=\"https:\/\/desarrollovisit.ciudaddecorrientes.gov.ar\/wp-content\/uploads\/2018\/07\/IMG_6098-150x150.jpg\" class=\"attachment-thumbnail size-thumbnail\" alt=\"\" \/><\/a>\n\t\t\t<\/div><\/figure><figure class='gallery-item'>\n\t\t\t<div class='gallery-icon portrait'>\n\t\t\t\t<a href='https:\/\/desarrollovisit.ciudaddecorrientes.gov.ar\/pb\/sobre-corrientes\/galeria_1\/'><img loading=\"lazy\" decoding=\"async\" width=\"150\" height=\"150\" src=\"https:\/\/desarrollovisit.ciudaddecorrientes.gov.ar\/wp-content\/uploads\/2018\/07\/Galeria_1-150x150.jpg\" class=\"attachment-thumbnail size-thumbnail\" alt=\"\" \/><\/a>\n\t\t\t<\/div><\/figure><figure class='gallery-item'>\n\t\t\t<div class='gallery-icon landscape'>\n\t\t\t\t<a href='https:\/\/desarrollovisit.ciudaddecorrientes.gov.ar\/pb\/sobre-corrientes\/img_3498\/'><img loading=\"lazy\" decoding=\"async\" width=\"150\" height=\"150\" src=\"https:\/\/desarrollovisit.ciudaddecorrientes.gov.ar\/wp-content\/uploads\/2018\/07\/IMG_3498-150x150.jpg\" class=\"attachment-thumbnail size-thumbnail\" alt=\"\" \/><\/a>\n\t\t\t<\/div><\/figure>\n\t\t<\/div>\n\n<\/div>\n<\/div>\n<\/div>\n<\/div>","protected":false},"excerpt":{"rendered":"","protected":false},"author":2,"featured_media":0,"parent":0,"menu_order":0,"comment_status":"closed","ping_status":"closed","template":"","meta":{"footnotes":""},"class_list":["post-4","page","type-page","status-publish","hentry"],"yoast_head":"<!-- This site is optimized with the Yoast SEO plugin v23.9 - https:\/\/yoast.com\/wordpress\/plugins\/seo\/ -->\n<title>Sobre Corrientes - Ciudad de Corrientes<\/title>\n<meta name=\"robots\" content=\"index, follow, max-snippet:-1, max-image-preview:large, max-video-preview:-1\" \/>\n<link rel=\"canonical\" href=\"https:\/\/desarrollovisit.ciudaddecorrientes.gov.ar\/sobre-corrientes\/\" \/>\n<meta property=\"og:locale\" content=\"pt_BR\" \/>\n<meta property=\"og:type\" content=\"article\" \/>\n<meta property=\"og:title\" content=\"Sobre Corrientes - Ciudad de Corrientes\" \/>\n<meta property=\"og:url\" content=\"https:\/\/desarrollovisit.ciudaddecorrientes.gov.ar\/sobre-corrientes\/\" \/>\n<meta property=\"og:site_name\" content=\"Ciudad de Corrientes\" \/>\n<meta property=\"article:modified_time\" content=\"2024-11-07T22:25:42+00:00\" \/>\n<meta property=\"og:image\" content=\"https:\/\/desarrollovisit.ciudaddecorrientes.gov.ar\/wp-content\/uploads\/2024\/11\/GUIA-CTES-PLANO-agosto-24-contornos_page-0001-1-300x210.jpg\" \/>\n<meta name=\"twitter:card\" content=\"summary_large_image\" \/>\n<meta name=\"twitter:label1\" content=\"Est. tempo de leitura\" \/>\n\t<meta name=\"twitter:data1\" content=\"2 minutos\" \/>\n<script type=\"application\/ld+json\" class=\"yoast-schema-graph\">{\"@context\":\"https:\/\/schema.org\",\"@graph\":[{\"@type\":\"WebPage\",\"@id\":\"https:\/\/desarrollovisit.ciudaddecorrientes.gov.ar\/sobre-corrientes\/\",\"url\":\"https:\/\/desarrollovisit.ciudaddecorrientes.gov.ar\/sobre-corrientes\/\",\"name\":\"Sobre Corrientes - Ciudad de Corrientes\",\"isPartOf\":{\"@id\":\"https:\/\/desarrollovisit.ciudaddecorrientes.gov.ar\/#website\"},\"primaryImageOfPage\":{\"@id\":\"https:\/\/desarrollovisit.ciudaddecorrientes.gov.ar\/sobre-corrientes\/#primaryimage\"},\"image\":{\"@id\":\"https:\/\/desarrollovisit.ciudaddecorrientes.gov.ar\/sobre-corrientes\/#primaryimage\"},\"thumbnailUrl\":\"https:\/\/desarrollovisit.ciudaddecorrientes.gov.ar\/wp-content\/uploads\/2024\/11\/GUIA-CTES-PLANO-agosto-24-contornos_page-0001-1-300x210.jpg\",\"datePublished\":\"2018-06-25T14:01:03+00:00\",\"dateModified\":\"2024-11-07T22:25:42+00:00\",\"breadcrumb\":{\"@id\":\"https:\/\/desarrollovisit.ciudaddecorrientes.gov.ar\/sobre-corrientes\/#breadcrumb\"},\"inLanguage\":\"pt-BR\",\"potentialAction\":[{\"@type\":\"ReadAction\",\"target\":[\"https:\/\/desarrollovisit.ciudaddecorrientes.gov.ar\/sobre-corrientes\/\"]}]},{\"@type\":\"ImageObject\",\"inLanguage\":\"pt-BR\",\"@id\":\"https:\/\/desarrollovisit.ciudaddecorrientes.gov.ar\/sobre-corrientes\/#primaryimage\",\"url\":\"https:\/\/desarrollovisit.ciudaddecorrientes.gov.ar\/wp-content\/uploads\/2024\/11\/GUIA-CTES-PLANO-agosto-24-contornos_page-0001-1-300x210.jpg\",\"contentUrl\":\"https:\/\/desarrollovisit.ciudaddecorrientes.gov.ar\/wp-content\/uploads\/2024\/11\/GUIA-CTES-PLANO-agosto-24-contornos_page-0001-1-300x210.jpg\"},{\"@type\":\"BreadcrumbList\",\"@id\":\"https:\/\/desarrollovisit.ciudaddecorrientes.gov.ar\/sobre-corrientes\/#breadcrumb\",\"itemListElement\":[{\"@type\":\"ListItem\",\"position\":1,\"name\":\"Portada\",\"item\":\"https:\/\/desarrollovisit.ciudaddecorrientes.gov.ar\/\"},{\"@type\":\"ListItem\",\"position\":2,\"name\":\"Sobre Corrientes\"}]},{\"@type\":\"WebSite\",\"@id\":\"https:\/\/desarrollovisit.ciudaddecorrientes.gov.ar\/#website\",\"url\":\"https:\/\/desarrollovisit.ciudaddecorrientes.gov.ar\/\",\"name\":\"Ciudad de Corrientes\",\"description\":\"Secretaria de Turismo, Deporte y Cultural\",\"publisher\":{\"@id\":\"https:\/\/desarrollovisit.ciudaddecorrientes.gov.ar\/#organization\"},\"potentialAction\":[{\"@type\":\"SearchAction\",\"target\":{\"@type\":\"EntryPoint\",\"urlTemplate\":\"https:\/\/desarrollovisit.ciudaddecorrientes.gov.ar\/?s={search_term_string}\"},\"query-input\":{\"@type\":\"PropertyValueSpecification\",\"valueRequired\":true,\"valueName\":\"search_term_string\"}}],\"inLanguage\":\"pt-BR\"},{\"@type\":\"Organization\",\"@id\":\"https:\/\/desarrollovisit.ciudaddecorrientes.gov.ar\/#organization\",\"name\":\"Secretaria de Turismo, Deporte y Cultura\",\"url\":\"https:\/\/desarrollovisit.ciudaddecorrientes.gov.ar\/\",\"logo\":{\"@type\":\"ImageObject\",\"inLanguage\":\"pt-BR\",\"@id\":\"https:\/\/desarrollovisit.ciudaddecorrientes.gov.ar\/#\/schema\/logo\/image\/\",\"url\":\"https:\/\/visitcorrientes.tur.ar\/wp-content\/uploads\/2018\/07\/iso.png\",\"contentUrl\":\"https:\/\/visitcorrientes.tur.ar\/wp-content\/uploads\/2018\/07\/iso.png\",\"width\":547,\"height\":178,\"caption\":\"Secretaria de Turismo, Deporte y Cultura\"},\"image\":{\"@id\":\"https:\/\/desarrollovisit.ciudaddecorrientes.gov.ar\/#\/schema\/logo\/image\/\"}}]}<\/script>\n<!-- \/ Yoast SEO plugin. -->","yoast_head_json":{"title":"Sobre Corrientes - Ciudad de Corrientes","robots":{"index":"index","follow":"follow","max-snippet":"max-snippet:-1","max-image-preview":"max-image-preview:large","max-video-preview":"max-video-preview:-1"},"canonical":"https:\/\/desarrollovisit.ciudaddecorrientes.gov.ar\/sobre-corrientes\/","og_locale":"pt_BR","og_type":"article","og_title":"Sobre Corrientes - Ciudad de Corrientes","og_url":"https:\/\/desarrollovisit.ciudaddecorrientes.gov.ar\/sobre-corrientes\/","og_site_name":"Ciudad de Corrientes","article_modified_time":"2024-11-07T22:25:42+00:00","og_image":[{"url":"https:\/\/desarrollovisit.ciudaddecorrientes.gov.ar\/wp-content\/uploads\/2024\/11\/GUIA-CTES-PLANO-agosto-24-contornos_page-0001-1-300x210.jpg"}],"twitter_card":"summary_large_image","twitter_misc":{"Est. tempo de leitura":"2 minutos"},"schema":{"@context":"https:\/\/schema.org","@graph":[{"@type":"WebPage","@id":"https:\/\/desarrollovisit.ciudaddecorrientes.gov.ar\/sobre-corrientes\/","url":"https:\/\/desarrollovisit.ciudaddecorrientes.gov.ar\/sobre-corrientes\/","name":"Sobre Corrientes - Ciudad de Corrientes","isPartOf":{"@id":"https:\/\/desarrollovisit.ciudaddecorrientes.gov.ar\/#website"},"primaryImageOfPage":{"@id":"https:\/\/desarrollovisit.ciudaddecorrientes.gov.ar\/sobre-corrientes\/#primaryimage"},"image":{"@id":"https:\/\/desarrollovisit.ciudaddecorrientes.gov.ar\/sobre-corrientes\/#primaryimage"},"thumbnailUrl":"https:\/\/desarrollovisit.ciudaddecorrientes.gov.ar\/wp-content\/uploads\/2024\/11\/GUIA-CTES-PLANO-agosto-24-contornos_page-0001-1-300x210.jpg","datePublished":"2018-06-25T14:01:03+00:00","dateModified":"2024-11-07T22:25:42+00:00","breadcrumb":{"@id":"https:\/\/desarrollovisit.ciudaddecorrientes.gov.ar\/sobre-corrientes\/#breadcrumb"},"inLanguage":"pt-BR","potentialAction":[{"@type":"ReadAction","target":["https:\/\/desarrollovisit.ciudaddecorrientes.gov.ar\/sobre-corrientes\/"]}]},{"@type":"ImageObject","inLanguage":"pt-BR","@id":"https:\/\/desarrollovisit.ciudaddecorrientes.gov.ar\/sobre-corrientes\/#primaryimage","url":"https:\/\/desarrollovisit.ciudaddecorrientes.gov.ar\/wp-content\/uploads\/2024\/11\/GUIA-CTES-PLANO-agosto-24-contornos_page-0001-1-300x210.jpg","contentUrl":"https:\/\/desarrollovisit.ciudaddecorrientes.gov.ar\/wp-content\/uploads\/2024\/11\/GUIA-CTES-PLANO-agosto-24-contornos_page-0001-1-300x210.jpg"},{"@type":"BreadcrumbList","@id":"https:\/\/desarrollovisit.ciudaddecorrientes.gov.ar\/sobre-corrientes\/#breadcrumb","itemListElement":[{"@type":"ListItem","position":1,"name":"Portada","item":"https:\/\/desarrollovisit.ciudaddecorrientes.gov.ar\/"},{"@type":"ListItem","position":2,"name":"Sobre Corrientes"}]},{"@type":"WebSite","@id":"https:\/\/desarrollovisit.ciudaddecorrientes.gov.ar\/#website","url":"https:\/\/desarrollovisit.ciudaddecorrientes.gov.ar\/","name":"Ciudad de Corrientes","description":"Secretaria de Turismo, Deporte y Cultural","publisher":{"@id":"https:\/\/desarrollovisit.ciudaddecorrientes.gov.ar\/#organization"},"potentialAction":[{"@type":"SearchAction","target":{"@type":"EntryPoint","urlTemplate":"https:\/\/desarrollovisit.ciudaddecorrientes.gov.ar\/?s={search_term_string}"},"query-input":{"@type":"PropertyValueSpecification","valueRequired":true,"valueName":"search_term_string"}}],"inLanguage":"pt-BR"},{"@type":"Organization","@id":"https:\/\/desarrollovisit.ciudaddecorrientes.gov.ar\/#organization","name":"Secretaria de Turismo, Deporte y Cultura","url":"https:\/\/desarrollovisit.ciudaddecorrientes.gov.ar\/","logo":{"@type":"ImageObject","inLanguage":"pt-BR","@id":"https:\/\/desarrollovisit.ciudaddecorrientes.gov.ar\/#\/schema\/logo\/image\/","url":"https:\/\/visitcorrientes.tur.ar\/wp-content\/uploads\/2018\/07\/iso.png","contentUrl":"https:\/\/visitcorrientes.tur.ar\/wp-content\/uploads\/2018\/07\/iso.png","width":547,"height":178,"caption":"Secretaria de Turismo, Deporte y Cultura"},"image":{"@id":"https:\/\/desarrollovisit.ciudaddecorrientes.gov.ar\/#\/schema\/logo\/image\/"}}]}},"_links":{"self":[{"href":"https:\/\/desarrollovisit.ciudaddecorrientes.gov.ar\/pb\/wp-json\/wp\/v2\/pages\/4","targetHints":{"allow":["GET"]}}],"collection":[{"href":"https:\/\/desarrollovisit.ciudaddecorrientes.gov.ar\/pb\/wp-json\/wp\/v2\/pages"}],"about":[{"href":"https:\/\/desarrollovisit.ciudaddecorrientes.gov.ar\/pb\/wp-json\/wp\/v2\/types\/page"}],"author":[{"embeddable":true,"href":"https:\/\/desarrollovisit.ciudaddecorrientes.gov.ar\/pb\/wp-json\/wp\/v2\/users\/2"}],"replies":[{"embeddable":true,"href":"https:\/\/desarrollovisit.ciudaddecorrientes.gov.ar\/pb\/wp-json\/wp\/v2\/comments?post=4"}],"version-history":[{"count":12,"href":"https:\/\/desarrollovisit.ciudaddecorrientes.gov.ar\/pb\/wp-json\/wp\/v2\/pages\/4\/revisions"}],"predecessor-version":[{"id":23296,"href":"https:\/\/desarrollovisit.ciudaddecorrientes.gov.ar\/pb\/wp-json\/wp\/v2\/pages\/4\/revisions\/23296"}],"wp:attachment":[{"href":"https:\/\/desarrollovisit.ciudaddecorrientes.gov.ar\/pb\/wp-json\/wp\/v2\/media?parent=4"}],"curies":[{"name":"wp","href":"https:\/\/api.w.org\/{rel}","templated":true}]}}