{"id":13566,"date":"2020-09-08T17:41:27","date_gmt":"2020-09-08T20:41:27","guid":{"rendered":"https:\/\/desarrollovisit.ciudaddecorrientes.gov.ar\/?page_id=13566"},"modified":"2020-10-14T16:55:26","modified_gmt":"2020-10-14T19:55:26","slug":"sin-conexion","status":"publish","type":"page","link":"https:\/\/desarrollovisit.ciudaddecorrientes.gov.ar\/pb\/sin-conexion\/","title":{"rendered":"Sin Conexi\u00f3n"},"content":{"rendered":"<p style=\"text-align: center;\"><span style=\"font-size: 24pt;\">Ol\u00e1!<\/span><\/p>\n<p>&nbsp;<\/p>\n<p style=\"text-align: center;\">Voc\u00ea est\u00e1 entrando sem uma conex\u00e3o com a Internet, no entanto, poder\u00e1 navegar em todas as p\u00e1ginas visitadas anteriormente at\u00e9 recuperar a conex\u00e3o.<\/p>","protected":false},"excerpt":{"rendered":"<p>Ol\u00e1! &nbsp; Voc\u00ea est\u00e1 entrando sem uma conex\u00e3o com a Internet, no entanto, poder\u00e1 navegar em todas as p\u00e1ginas visitadas anteriormente at\u00e9 recuperar a conex\u00e3o.<\/p>\n","protected":false},"author":2,"featured_media":0,"parent":0,"menu_order":0,"comment_status":"closed","ping_status":"closed","template":"","meta":{"footnotes":""},"class_list":["post-13566","page","type-page","status-publish","hentry"],"yoast_head":"<!-- This site is optimized with the Yoast SEO plugin v23.9 - https:\/\/yoast.com\/wordpress\/plugins\/seo\/ -->\n<title>Sin Conexi\u00f3n - Ciudad de Corrientes<\/title>\n<meta name=\"robots\" content=\"index, follow, max-snippet:-1, max-image-preview:large, max-video-preview:-1\" \/>\n<link rel=\"canonical\" href=\"https:\/\/desarrollovisit.ciudaddecorrientes.gov.ar\/sin-conexion\/\" \/>\n<meta property=\"og:locale\" content=\"pt_BR\" \/>\n<meta property=\"og:type\" content=\"article\" \/>\n<meta property=\"og:title\" content=\"Sin Conexi\u00f3n - Ciudad de Corrientes\" \/>\n<meta property=\"og:description\" content=\"Ol\u00e1! &nbsp; Voc\u00ea est\u00e1 entrando sem uma conex\u00e3o com a Internet, no entanto, poder\u00e1 navegar em todas as p\u00e1ginas visitadas anteriormente at\u00e9 recuperar a conex\u00e3o.\" \/>\n<meta property=\"og:url\" content=\"https:\/\/desarrollovisit.ciudaddecorrientes.gov.ar\/sin-conexion\/\" \/>\n<meta property=\"og:site_name\" content=\"Ciudad de Corrientes\" \/>\n<meta property=\"article:modified_time\" content=\"2020-10-14T19:55:26+00:00\" \/>\n<meta property=\"og:image\" content=\"https:\/\/desarrollovisit.ciudaddecorrientes.gov.ar\/wp-content\/uploads\/2018\/08\/SECRETARIA-DE-TURISMO_SW_Imagen_Opengraph-01.jpg\" \/>\n\t<meta property=\"og:image:width\" content=\"1000\" \/>\n\t<meta property=\"og:image:height\" content=\"1000\" \/>\n\t<meta property=\"og:image:type\" content=\"image\/jpeg\" \/>\n<meta name=\"twitter:card\" content=\"summary_large_image\" \/>\n<script type=\"application\/ld+json\" class=\"yoast-schema-graph\">{\"@context\":\"https:\/\/schema.org\",\"@graph\":[{\"@type\":\"WebPage\",\"@id\":\"https:\/\/desarrollovisit.ciudaddecorrientes.gov.ar\/sin-conexion\/\",\"url\":\"https:\/\/desarrollovisit.ciudaddecorrientes.gov.ar\/sin-conexion\/\",\"name\":\"Sin Conexi\u00f3n - Ciudad de Corrientes\",\"isPartOf\":{\"@id\":\"https:\/\/desarrollovisit.ciudaddecorrientes.gov.ar\/#website\"},\"datePublished\":\"2020-09-08T20:41:27+00:00\",\"dateModified\":\"2020-10-14T19:55:26+00:00\",\"breadcrumb\":{\"@id\":\"https:\/\/desarrollovisit.ciudaddecorrientes.gov.ar\/sin-conexion\/#breadcrumb\"},\"inLanguage\":\"pt-BR\",\"potentialAction\":[{\"@type\":\"ReadAction\",\"target\":[\"https:\/\/desarrollovisit.ciudaddecorrientes.gov.ar\/sin-conexion\/\"]}]},{\"@type\":\"BreadcrumbList\",\"@id\":\"https:\/\/desarrollovisit.ciudaddecorrientes.gov.ar\/sin-conexion\/#breadcrumb\",\"itemListElement\":[{\"@type\":\"ListItem\",\"position\":1,\"name\":\"Portada\",\"item\":\"https:\/\/desarrollovisit.ciudaddecorrientes.gov.ar\/\"},{\"@type\":\"ListItem\",\"position\":2,\"name\":\"Sin Conexi\u00f3n\"}]},{\"@type\":\"WebSite\",\"@id\":\"https:\/\/desarrollovisit.ciudaddecorrientes.gov.ar\/#website\",\"url\":\"https:\/\/desarrollovisit.ciudaddecorrientes.gov.ar\/\",\"name\":\"Ciudad de Corrientes\",\"description\":\"Secretaria de Turismo, Deporte y Cultural\",\"publisher\":{\"@id\":\"https:\/\/desarrollovisit.ciudaddecorrientes.gov.ar\/#organization\"},\"potentialAction\":[{\"@type\":\"SearchAction\",\"target\":{\"@type\":\"EntryPoint\",\"urlTemplate\":\"https:\/\/desarrollovisit.ciudaddecorrientes.gov.ar\/?s={search_term_string}\"},\"query-input\":{\"@type\":\"PropertyValueSpecification\",\"valueRequired\":true,\"valueName\":\"search_term_string\"}}],\"inLanguage\":\"pt-BR\"},{\"@type\":\"Organization\",\"@id\":\"https:\/\/desarrollovisit.ciudaddecorrientes.gov.ar\/#organization\",\"name\":\"Secretaria de Turismo, Deporte y Cultura\",\"url\":\"https:\/\/desarrollovisit.ciudaddecorrientes.gov.ar\/\",\"logo\":{\"@type\":\"ImageObject\",\"inLanguage\":\"pt-BR\",\"@id\":\"https:\/\/desarrollovisit.ciudaddecorrientes.gov.ar\/#\/schema\/logo\/image\/\",\"url\":\"https:\/\/visitcorrientes.tur.ar\/wp-content\/uploads\/2018\/07\/iso.png\",\"contentUrl\":\"https:\/\/visitcorrientes.tur.ar\/wp-content\/uploads\/2018\/07\/iso.png\",\"width\":547,\"height\":178,\"caption\":\"Secretaria de Turismo, Deporte y Cultura\"},\"image\":{\"@id\":\"https:\/\/desarrollovisit.ciudaddecorrientes.gov.ar\/#\/schema\/logo\/image\/\"}}]}<\/script>\n<!-- \/ Yoast SEO plugin. -->","yoast_head_json":{"title":"Sin Conexi\u00f3n - Ciudad de Corrientes","robots":{"index":"index","follow":"follow","max-snippet":"max-snippet:-1","max-image-preview":"max-image-preview:large","max-video-preview":"max-video-preview:-1"},"canonical":"https:\/\/desarrollovisit.ciudaddecorrientes.gov.ar\/sin-conexion\/","og_locale":"pt_BR","og_type":"article","og_title":"Sin Conexi\u00f3n - Ciudad de Corrientes","og_description":"Ol\u00e1! &nbsp; Voc\u00ea est\u00e1 entrando sem uma conex\u00e3o com a Internet, no entanto, poder\u00e1 navegar em todas as p\u00e1ginas visitadas anteriormente at\u00e9 recuperar a conex\u00e3o.","og_url":"https:\/\/desarrollovisit.ciudaddecorrientes.gov.ar\/sin-conexion\/","og_site_name":"Ciudad de Corrientes","article_modified_time":"2020-10-14T19:55:26+00:00","og_image":[{"width":1000,"height":1000,"url":"https:\/\/desarrollovisit.ciudaddecorrientes.gov.ar\/wp-content\/uploads\/2018\/08\/SECRETARIA-DE-TURISMO_SW_Imagen_Opengraph-01.jpg","type":"image\/jpeg"}],"twitter_card":"summary_large_image","schema":{"@context":"https:\/\/schema.org","@graph":[{"@type":"WebPage","@id":"https:\/\/desarrollovisit.ciudaddecorrientes.gov.ar\/sin-conexion\/","url":"https:\/\/desarrollovisit.ciudaddecorrientes.gov.ar\/sin-conexion\/","name":"Sin Conexi\u00f3n - Ciudad de Corrientes","isPartOf":{"@id":"https:\/\/desarrollovisit.ciudaddecorrientes.gov.ar\/#website"},"datePublished":"2020-09-08T20:41:27+00:00","dateModified":"2020-10-14T19:55:26+00:00","breadcrumb":{"@id":"https:\/\/desarrollovisit.ciudaddecorrientes.gov.ar\/sin-conexion\/#breadcrumb"},"inLanguage":"pt-BR","potentialAction":[{"@type":"ReadAction","target":["https:\/\/desarrollovisit.ciudaddecorrientes.gov.ar\/sin-conexion\/"]}]},{"@type":"BreadcrumbList","@id":"https:\/\/desarrollovisit.ciudaddecorrientes.gov.ar\/sin-conexion\/#breadcrumb","itemListElement":[{"@type":"ListItem","position":1,"name":"Portada","item":"https:\/\/desarrollovisit.ciudaddecorrientes.gov.ar\/"},{"@type":"ListItem","position":2,"name":"Sin Conexi\u00f3n"}]},{"@type":"WebSite","@id":"https:\/\/desarrollovisit.ciudaddecorrientes.gov.ar\/#website","url":"https:\/\/desarrollovisit.ciudaddecorrientes.gov.ar\/","name":"Ciudad de Corrientes","description":"Secretaria de Turismo, Deporte y Cultural","publisher":{"@id":"https:\/\/desarrollovisit.ciudaddecorrientes.gov.ar\/#organization"},"potentialAction":[{"@type":"SearchAction","target":{"@type":"EntryPoint","urlTemplate":"https:\/\/desarrollovisit.ciudaddecorrientes.gov.ar\/?s={search_term_string}"},"query-input":{"@type":"PropertyValueSpecification","valueRequired":true,"valueName":"search_term_string"}}],"inLanguage":"pt-BR"},{"@type":"Organization","@id":"https:\/\/desarrollovisit.ciudaddecorrientes.gov.ar\/#organization","name":"Secretaria de Turismo, Deporte y Cultura","url":"https:\/\/desarrollovisit.ciudaddecorrientes.gov.ar\/","logo":{"@type":"ImageObject","inLanguage":"pt-BR","@id":"https:\/\/desarrollovisit.ciudaddecorrientes.gov.ar\/#\/schema\/logo\/image\/","url":"https:\/\/visitcorrientes.tur.ar\/wp-content\/uploads\/2018\/07\/iso.png","contentUrl":"https:\/\/visitcorrientes.tur.ar\/wp-content\/uploads\/2018\/07\/iso.png","width":547,"height":178,"caption":"Secretaria de Turismo, Deporte y Cultura"},"image":{"@id":"https:\/\/desarrollovisit.ciudaddecorrientes.gov.ar\/#\/schema\/logo\/image\/"}}]}},"_links":{"self":[{"href":"https:\/\/desarrollovisit.ciudaddecorrientes.gov.ar\/pb\/wp-json\/wp\/v2\/pages\/13566","targetHints":{"allow":["GET"]}}],"collection":[{"href":"https:\/\/desarrollovisit.ciudaddecorrientes.gov.ar\/pb\/wp-json\/wp\/v2\/pages"}],"about":[{"href":"https:\/\/desarrollovisit.ciudaddecorrientes.gov.ar\/pb\/wp-json\/wp\/v2\/types\/page"}],"author":[{"embeddable":true,"href":"https:\/\/desarrollovisit.ciudaddecorrientes.gov.ar\/pb\/wp-json\/wp\/v2\/users\/2"}],"replies":[{"embeddable":true,"href":"https:\/\/desarrollovisit.ciudaddecorrientes.gov.ar\/pb\/wp-json\/wp\/v2\/comments?post=13566"}],"version-history":[{"count":3,"href":"https:\/\/desarrollovisit.ciudaddecorrientes.gov.ar\/pb\/wp-json\/wp\/v2\/pages\/13566\/revisions"}],"predecessor-version":[{"id":14086,"href":"https:\/\/desarrollovisit.ciudaddecorrientes.gov.ar\/pb\/wp-json\/wp\/v2\/pages\/13566\/revisions\/14086"}],"wp:attachment":[{"href":"https:\/\/desarrollovisit.ciudaddecorrientes.gov.ar\/pb\/wp-json\/wp\/v2\/media?parent=13566"}],"curies":[{"name":"wp","href":"https:\/\/api.w.org\/{rel}","templated":true}]}}