{"id":10,"date":"2018-06-25T11:01:32","date_gmt":"2018-06-25T14:01:32","guid":{"rendered":"https:\/\/desarrollovisit.ciudaddecorrientes.gov.ar\/?page_id=10"},"modified":"2023-10-09T10:23:29","modified_gmt":"2023-10-09T13:23:29","slug":"contacto","status":"publish","type":"page","link":"https:\/\/desarrollovisit.ciudaddecorrientes.gov.ar\/pb\/contacto\/","title":{"rendered":"Contato"},"content":{"rendered":"<h2>Centro de Informa\u00e7\u00f5es Tur\u00edsticas<\/h2>\n<i class=\"fa fa-map-marker \" ><\/i> Pra\u00e7a Cabral (Jun\u00edn y Santa Fe) y Pra\u00e7a Vera (Jun\u00edn y San Juan).<br \/>\n<i class=\"fa fa-envelope \" ><\/i> centrodeinformesturistico (@) ciudaddecorrientes.gov.ar<br \/>\n<i class=\"fa fa-phone \" ><\/i>\u00a0<br \/>\n<i class=\"fa fa-whatsapp \" ><\/i> +54 9 379 4204254<\/p>\n<p>&nbsp;<\/p>\n<h2>Envie um\u00a0mensagem<\/h2>\n\n<div class=\"wpcf7 no-js\" id=\"wpcf7-f1448-o3\" lang=\"es-AR\" dir=\"ltr\">\n<div class=\"screen-reader-response\"><p role=\"status\" aria-live=\"polite\" aria-atomic=\"true\"><\/p> <ul><\/ul><\/div>\n<form action=\"\/pb\/wp-json\/wp\/v2\/pages\/10#wpcf7-f1448-o3\" method=\"post\" class=\"wpcf7-form init use-floating-validation-tip\" aria-label=\"Formulario de contacto\" novalidate=\"novalidate\" data-status=\"init\">\n<div style=\"display: none;\">\n<input type=\"hidden\" name=\"_wpcf7\" value=\"1448\" \/>\n<input type=\"hidden\" name=\"_wpcf7_version\" value=\"5.9.3\" \/>\n<input type=\"hidden\" name=\"_wpcf7_locale\" value=\"es_AR\" \/>\n<input type=\"hidden\" name=\"_wpcf7_unit_tag\" value=\"wpcf7-f1448-o3\" \/>\n<input type=\"hidden\" name=\"_wpcf7_container_post\" value=\"0\" \/>\n<input type=\"hidden\" name=\"_wpcf7_posted_data_hash\" value=\"\" \/>\n<\/div>\n<div class=\"row\">\n\t<div class=\"col-md-6\">\n\t\t<p><span class=\"wpcf7-form-control-wrap\" data-name=\"names\"><input size=\"40\" class=\"wpcf7-form-control wpcf7-text wpcf7-validates-as-required\" aria-required=\"true\" aria-invalid=\"false\" placeholder=\"Nome *\" value=\"\" type=\"text\" name=\"names\" \/><\/span>\n\t\t<\/p>\n\t\t<p><span class=\"wpcf7-form-control-wrap\" data-name=\"tel\"><input size=\"40\" class=\"wpcf7-form-control wpcf7-tel wpcf7-text wpcf7-validates-as-tel\" aria-invalid=\"false\" placeholder=\"Telefone\" value=\"\" type=\"tel\" name=\"tel\" \/><\/span>\n\t\t<\/p>\n\t\t<p><span class=\"wpcf7-form-control-wrap\" data-name=\"email\"><input size=\"40\" class=\"wpcf7-form-control wpcf7-email wpcf7-validates-as-required wpcf7-text wpcf7-validates-as-email\" aria-required=\"true\" aria-invalid=\"false\" placeholder=\"Email *\" value=\"\" type=\"email\" name=\"email\" \/><\/span>\n\t\t<\/p>\n\t<\/div>\n\t<div class=\"col-md-6\">\n\t\t<p><span class=\"wpcf7-form-control-wrap\" data-name=\"message\"><textarea cols=\"40\" rows=\"10\" class=\"wpcf7-form-control wpcf7-textarea wpcf7-validates-as-required\" aria-required=\"true\" aria-invalid=\"false\" placeholder=\"Mensagem *\" name=\"message\"><\/textarea><\/span>\n\t\t<\/p>\n\t<\/div>\n\t<div class=\"col-md-12 text-center\">\n\t\t<div class=\"pull-right\">\n\t\t\t<p>[recaptcha]\n\t\t\t<\/p>\n\t\t<\/div>\n\t<\/div>\n<\/div>\n<p><input class=\"wpcf7-form-control wpcf7-submit has-spinner\" type=\"submit\" value=\"Enviar\" \/>\n<\/p><div class=\"wpcf7-response-output\" aria-hidden=\"true\"><\/div>\n<\/form>\n<\/div>","protected":false},"excerpt":{"rendered":"<p>Centro de Informa\u00e7\u00f5es Tur\u00edsticas Pra\u00e7a Cabral (Jun\u00edn y Santa Fe) y Pra\u00e7a Vera (Jun\u00edn y San Juan). centrodeinformesturistico (@) ciudaddecorrientes.gov.ar \u00a0 +54 9 379 4204254 &nbsp; Envie um\u00a0mensagem<\/p>\n","protected":false},"author":2,"featured_media":0,"parent":0,"menu_order":0,"comment_status":"closed","ping_status":"closed","template":"","meta":{"footnotes":""},"class_list":["post-10","page","type-page","status-publish","hentry"],"yoast_head":"<!-- This site is optimized with the Yoast SEO plugin v23.9 - https:\/\/yoast.com\/wordpress\/plugins\/seo\/ -->\n<title>Contato - Ciudad de Corrientes<\/title>\n<meta name=\"robots\" content=\"index, follow, max-snippet:-1, max-image-preview:large, max-video-preview:-1\" \/>\n<link rel=\"canonical\" href=\"https:\/\/desarrollovisit.ciudaddecorrientes.gov.ar\/contacto\/\" \/>\n<meta property=\"og:locale\" content=\"pt_BR\" \/>\n<meta property=\"og:type\" content=\"article\" \/>\n<meta property=\"og:title\" content=\"Contato - Ciudad de Corrientes\" \/>\n<meta property=\"og:description\" content=\"Centro de Informa\u00e7\u00f5es Tur\u00edsticas Pra\u00e7a Cabral (Jun\u00edn y Santa Fe) y Pra\u00e7a Vera (Jun\u00edn y San Juan). centrodeinformesturistico (@) ciudaddecorrientes.gov.ar \u00a0 +54 9 379 4204254 &nbsp; Envie um\u00a0mensagem\" \/>\n<meta property=\"og:url\" content=\"https:\/\/desarrollovisit.ciudaddecorrientes.gov.ar\/contacto\/\" \/>\n<meta property=\"og:site_name\" content=\"Ciudad de Corrientes\" \/>\n<meta property=\"article:modified_time\" content=\"2023-10-09T13:23:29+00:00\" \/>\n<meta property=\"og:image\" content=\"https:\/\/desarrollovisit.ciudaddecorrientes.gov.ar\/wp-content\/uploads\/2018\/08\/SECRETARIA-DE-TURISMO_SW_Imagen_Opengraph-01.jpg\" \/>\n\t<meta property=\"og:image:width\" content=\"1000\" \/>\n\t<meta property=\"og:image:height\" content=\"1000\" \/>\n\t<meta property=\"og:image:type\" content=\"image\/jpeg\" \/>\n<meta name=\"twitter:card\" content=\"summary_large_image\" \/>\n<meta name=\"twitter:label1\" content=\"Est. tempo de leitura\" \/>\n\t<meta name=\"twitter:data1\" content=\"1 minuto\" \/>\n<script type=\"application\/ld+json\" class=\"yoast-schema-graph\">{\"@context\":\"https:\/\/schema.org\",\"@graph\":[{\"@type\":\"WebPage\",\"@id\":\"https:\/\/desarrollovisit.ciudaddecorrientes.gov.ar\/contacto\/\",\"url\":\"https:\/\/desarrollovisit.ciudaddecorrientes.gov.ar\/contacto\/\",\"name\":\"Contato - Ciudad de Corrientes\",\"isPartOf\":{\"@id\":\"https:\/\/desarrollovisit.ciudaddecorrientes.gov.ar\/#website\"},\"datePublished\":\"2018-06-25T14:01:32+00:00\",\"dateModified\":\"2023-10-09T13:23:29+00:00\",\"breadcrumb\":{\"@id\":\"https:\/\/desarrollovisit.ciudaddecorrientes.gov.ar\/contacto\/#breadcrumb\"},\"inLanguage\":\"pt-BR\",\"potentialAction\":[{\"@type\":\"ReadAction\",\"target\":[\"https:\/\/desarrollovisit.ciudaddecorrientes.gov.ar\/contacto\/\"]}]},{\"@type\":\"BreadcrumbList\",\"@id\":\"https:\/\/desarrollovisit.ciudaddecorrientes.gov.ar\/contacto\/#breadcrumb\",\"itemListElement\":[{\"@type\":\"ListItem\",\"position\":1,\"name\":\"Portada\",\"item\":\"https:\/\/desarrollovisit.ciudaddecorrientes.gov.ar\/\"},{\"@type\":\"ListItem\",\"position\":2,\"name\":\"Contacto\"}]},{\"@type\":\"WebSite\",\"@id\":\"https:\/\/desarrollovisit.ciudaddecorrientes.gov.ar\/#website\",\"url\":\"https:\/\/desarrollovisit.ciudaddecorrientes.gov.ar\/\",\"name\":\"Ciudad de Corrientes\",\"description\":\"Secretaria de Turismo, Deporte y Cultural\",\"publisher\":{\"@id\":\"https:\/\/desarrollovisit.ciudaddecorrientes.gov.ar\/#organization\"},\"potentialAction\":[{\"@type\":\"SearchAction\",\"target\":{\"@type\":\"EntryPoint\",\"urlTemplate\":\"https:\/\/desarrollovisit.ciudaddecorrientes.gov.ar\/?s={search_term_string}\"},\"query-input\":{\"@type\":\"PropertyValueSpecification\",\"valueRequired\":true,\"valueName\":\"search_term_string\"}}],\"inLanguage\":\"pt-BR\"},{\"@type\":\"Organization\",\"@id\":\"https:\/\/desarrollovisit.ciudaddecorrientes.gov.ar\/#organization\",\"name\":\"Secretaria de Turismo, Deporte y Cultura\",\"url\":\"https:\/\/desarrollovisit.ciudaddecorrientes.gov.ar\/\",\"logo\":{\"@type\":\"ImageObject\",\"inLanguage\":\"pt-BR\",\"@id\":\"https:\/\/desarrollovisit.ciudaddecorrientes.gov.ar\/#\/schema\/logo\/image\/\",\"url\":\"https:\/\/visitcorrientes.tur.ar\/wp-content\/uploads\/2018\/07\/iso.png\",\"contentUrl\":\"https:\/\/visitcorrientes.tur.ar\/wp-content\/uploads\/2018\/07\/iso.png\",\"width\":547,\"height\":178,\"caption\":\"Secretaria de Turismo, Deporte y Cultura\"},\"image\":{\"@id\":\"https:\/\/desarrollovisit.ciudaddecorrientes.gov.ar\/#\/schema\/logo\/image\/\"}}]}<\/script>\n<!-- \/ Yoast SEO plugin. -->","yoast_head_json":{"title":"Contato - Ciudad de Corrientes","robots":{"index":"index","follow":"follow","max-snippet":"max-snippet:-1","max-image-preview":"max-image-preview:large","max-video-preview":"max-video-preview:-1"},"canonical":"https:\/\/desarrollovisit.ciudaddecorrientes.gov.ar\/contacto\/","og_locale":"pt_BR","og_type":"article","og_title":"Contato - Ciudad de Corrientes","og_description":"Centro de Informa\u00e7\u00f5es Tur\u00edsticas Pra\u00e7a Cabral (Jun\u00edn y Santa Fe) y Pra\u00e7a Vera (Jun\u00edn y San Juan). centrodeinformesturistico (@) ciudaddecorrientes.gov.ar \u00a0 +54 9 379 4204254 &nbsp; Envie um\u00a0mensagem","og_url":"https:\/\/desarrollovisit.ciudaddecorrientes.gov.ar\/contacto\/","og_site_name":"Ciudad de Corrientes","article_modified_time":"2023-10-09T13:23:29+00:00","og_image":[{"width":1000,"height":1000,"url":"https:\/\/desarrollovisit.ciudaddecorrientes.gov.ar\/wp-content\/uploads\/2018\/08\/SECRETARIA-DE-TURISMO_SW_Imagen_Opengraph-01.jpg","type":"image\/jpeg"}],"twitter_card":"summary_large_image","twitter_misc":{"Est. tempo de leitura":"1 minuto"},"schema":{"@context":"https:\/\/schema.org","@graph":[{"@type":"WebPage","@id":"https:\/\/desarrollovisit.ciudaddecorrientes.gov.ar\/contacto\/","url":"https:\/\/desarrollovisit.ciudaddecorrientes.gov.ar\/contacto\/","name":"Contato - Ciudad de Corrientes","isPartOf":{"@id":"https:\/\/desarrollovisit.ciudaddecorrientes.gov.ar\/#website"},"datePublished":"2018-06-25T14:01:32+00:00","dateModified":"2023-10-09T13:23:29+00:00","breadcrumb":{"@id":"https:\/\/desarrollovisit.ciudaddecorrientes.gov.ar\/contacto\/#breadcrumb"},"inLanguage":"pt-BR","potentialAction":[{"@type":"ReadAction","target":["https:\/\/desarrollovisit.ciudaddecorrientes.gov.ar\/contacto\/"]}]},{"@type":"BreadcrumbList","@id":"https:\/\/desarrollovisit.ciudaddecorrientes.gov.ar\/contacto\/#breadcrumb","itemListElement":[{"@type":"ListItem","position":1,"name":"Portada","item":"https:\/\/desarrollovisit.ciudaddecorrientes.gov.ar\/"},{"@type":"ListItem","position":2,"name":"Contacto"}]},{"@type":"WebSite","@id":"https:\/\/desarrollovisit.ciudaddecorrientes.gov.ar\/#website","url":"https:\/\/desarrollovisit.ciudaddecorrientes.gov.ar\/","name":"Ciudad de Corrientes","description":"Secretaria de Turismo, Deporte y Cultural","publisher":{"@id":"https:\/\/desarrollovisit.ciudaddecorrientes.gov.ar\/#organization"},"potentialAction":[{"@type":"SearchAction","target":{"@type":"EntryPoint","urlTemplate":"https:\/\/desarrollovisit.ciudaddecorrientes.gov.ar\/?s={search_term_string}"},"query-input":{"@type":"PropertyValueSpecification","valueRequired":true,"valueName":"search_term_string"}}],"inLanguage":"pt-BR"},{"@type":"Organization","@id":"https:\/\/desarrollovisit.ciudaddecorrientes.gov.ar\/#organization","name":"Secretaria de Turismo, Deporte y Cultura","url":"https:\/\/desarrollovisit.ciudaddecorrientes.gov.ar\/","logo":{"@type":"ImageObject","inLanguage":"pt-BR","@id":"https:\/\/desarrollovisit.ciudaddecorrientes.gov.ar\/#\/schema\/logo\/image\/","url":"https:\/\/visitcorrientes.tur.ar\/wp-content\/uploads\/2018\/07\/iso.png","contentUrl":"https:\/\/visitcorrientes.tur.ar\/wp-content\/uploads\/2018\/07\/iso.png","width":547,"height":178,"caption":"Secretaria de Turismo, Deporte y Cultura"},"image":{"@id":"https:\/\/desarrollovisit.ciudaddecorrientes.gov.ar\/#\/schema\/logo\/image\/"}}]}},"_links":{"self":[{"href":"https:\/\/desarrollovisit.ciudaddecorrientes.gov.ar\/pb\/wp-json\/wp\/v2\/pages\/10","targetHints":{"allow":["GET"]}}],"collection":[{"href":"https:\/\/desarrollovisit.ciudaddecorrientes.gov.ar\/pb\/wp-json\/wp\/v2\/pages"}],"about":[{"href":"https:\/\/desarrollovisit.ciudaddecorrientes.gov.ar\/pb\/wp-json\/wp\/v2\/types\/page"}],"author":[{"embeddable":true,"href":"https:\/\/desarrollovisit.ciudaddecorrientes.gov.ar\/pb\/wp-json\/wp\/v2\/users\/2"}],"replies":[{"embeddable":true,"href":"https:\/\/desarrollovisit.ciudaddecorrientes.gov.ar\/pb\/wp-json\/wp\/v2\/comments?post=10"}],"version-history":[{"count":14,"href":"https:\/\/desarrollovisit.ciudaddecorrientes.gov.ar\/pb\/wp-json\/wp\/v2\/pages\/10\/revisions"}],"predecessor-version":[{"id":20990,"href":"https:\/\/desarrollovisit.ciudaddecorrientes.gov.ar\/pb\/wp-json\/wp\/v2\/pages\/10\/revisions\/20990"}],"wp:attachment":[{"href":"https:\/\/desarrollovisit.ciudaddecorrientes.gov.ar\/pb\/wp-json\/wp\/v2\/media?parent=10"}],"curies":[{"name":"wp","href":"https:\/\/api.w.org\/{rel}","templated":true}]}}